{"id":630,"date":"2021-05-19T10:41:13","date_gmt":"2021-05-19T14:41:13","guid":{"rendered":"https:\/\/etincelles.uqam.ca\/le-projet\/"},"modified":"2024-03-07T15:00:10","modified_gmt":"2024-03-07T20:00:10","slug":"the-project","status":"publish","type":"page","link":"https:\/\/etincelles.uqam.ca\/en\/the-project\/","title":{"rendered":"The project"},"content":{"rendered":"<div id=\"pl-630\"  class=\"panel-layout\" ><div id=\"pg-630-0\"  class=\"panel-grid panel-has-style\" ><div class=\"row_spacing bg_pale_blue desktop_white_circles panel-row-style panel-row-style-for-630-0\" ><div id=\"pgc-630-0-0\"  class=\"panel-grid-cell\" ><div id=\"panel-630-0-0-0\" class=\"so-panel widget widget_black-studio-tinymce widget_black_studio_tinymce panel-first-child panel-last-child\" data-index=\"0\" ><div class=\"textwidget\"><h1><span class=\"big_title\">The SPARX Project<\/span><\/h1>\n<p>The SPARX project, initiated in 2019, is a continuation of the Youth Romantic Relationships (YRR) survey and aims to develop best practices to promote positive romantic and intimate relationships and prevent dating violence. The SPARX project is funded by the Public Health Agency of Canada and led by Martine H\u00e9bert, who holds the Canada Research Chair in Interpersonal Traumas and Resilience.<\/p>\n<h2><span class=\"small_title\">Preventing violence in youth relationships<\/span><\/h2>\n<p>The social-ecological model served as an anchor for conceptualizing the program and identifying the risk and protective factors surrounding violence in romantic and intimate relationships, and subsequently formulating the different components of the program. In addition, each component was developed using the intervention mapping approach, a theory- and evidence-based framework for planning health promotion programs using a systematic methodological approach. Based on this framework, needs assessments were conducted with all target populations to develop tools adapted to their specific realities and needs. The development of the SPARX program relied on a co-construction approach, promoting the ongoing involvement of partners and target populations throughout the various stages of the program development and evaluation. In addition to the expertise of the program's key partners - Tel-jeunes and the Direction r\u00e9gionale de sant\u00e9 publique (DRSP) de Montr\u00e9al - working groups involving all target populations were set up to support the development and optimization of tools in a collaborative environment.<\/p>\n<\/div><\/div><\/div><div id=\"pgc-630-0-1\"  class=\"panel-grid-cell panel-grid-cell-empty\" ><\/div><div id=\"pgc-630-0-2\"  class=\"panel-grid-cell\" ><div id=\"panel-630-0-2-0\" class=\"so-panel widget widget_siteorigin-panels-builder panel-first-child panel-last-child\" data-index=\"1\" ><div id=\"pl-w63d93ce9d6807\"  class=\"panel-layout\" ><div id=\"pg-w63d93ce9d6807-0\"  class=\"panel-grid panel-no-style\" ><div id=\"pgc-w63d93ce9d6807-0-0\"  class=\"panel-grid-cell\" ><div id=\"panel-w63d93ce9d6807-0-0-0\" class=\"widget_text so-panel widget widget_custom_html panel-first-child\" data-index=\"0\" ><div class=\"widget_text pos_rel panel-widget-style panel-widget-style-for-w63d93ce9d6807-0-0-0\" ><div class=\"textwidget custom-html-widget\"><div class=\"anim_items3\">\n\t<div class=\"ico_60 ico_circle circle_white\" ><\/div>\n\t<div class=\"ico_140 ico_circle circle_border_white\" ><\/div>\n\t<div class=\"ico_80 ico_circle circle_border_white\" ><\/div>\n<\/div><\/div><\/div><\/div><div id=\"panel-w63d93ce9d6807-0-0-1\" class=\"so-panel widget widget_black-studio-tinymce widget_black_studio_tinymce panel-last-child\" data-index=\"1\" ><div class=\"circle_img circle_img_admin mb-3 panel-widget-style panel-widget-style-for-w63d93ce9d6807-0-0-1\" ><div class=\"textwidget\"><p><img loading=\"lazy\" decoding=\"async\" class=\"alignnone size-full wp-image-1312\" src=\"https:\/\/etincelles.uqam.ca\/wp-content\/uploads\/2023\/01\/page_projet.jpg\" alt=\"projet\" width=\"560\" height=\"560\" \/><\/p>\n<\/div><\/div><\/div><\/div><\/div><\/div><\/div><\/div><\/div><\/div><div id=\"pg-630-1\"  class=\"panel-grid panel-no-style\" ><div id=\"pgc-630-1-0\"  class=\"panel-grid-cell\" ><div id=\"panel-630-1-0-0\" class=\"widget_text so-panel widget widget_custom_html panel-first-child panel-last-child\" data-index=\"2\" ><div class=\"widget_text row_top_waves panel-widget-style panel-widget-style-for-630-1-0-0\" ><div class=\"textwidget custom-html-widget\"><div class=\"row_waves_img row_waves_img_blue\"><\/div><\/div><\/div><\/div><\/div><\/div><div id=\"pg-630-2\"  class=\"panel-grid panel-has-style\" ><div class=\"row_spacing_top panel-row-style panel-row-style-for-630-2\" ><div id=\"pgc-630-2-0\"  class=\"panel-grid-cell panel-grid-cell-empty\" ><\/div><div id=\"pgc-630-2-1\"  class=\"panel-grid-cell panel-grid-cell-mobile-last\" ><div id=\"panel-630-2-1-0\" class=\"so-panel widget widget_black-studio-tinymce widget_black_studio_tinymce panel-first-child panel-last-child\" data-index=\"3\" ><div class=\"textwidget\"><p style=\"text-align: center;\"><strong><br \/>\nResulting from a co-construction process and supported by an advisory committee since its conceptualization, the SPARX program consists of four distinct components:<\/strong><\/p>\n<\/div><\/div><\/div><div id=\"pgc-630-2-2\"  class=\"panel-grid-cell panel-grid-cell-empty\" ><\/div><\/div><\/div><div id=\"pg-630-3\"  class=\"panel-grid panel-has-style\" ><div class=\"siteorigin-panels-stretch panel-row-style panel-row-style-for-630-3\" data-stretch-type=\"full\" ><div id=\"pgc-630-3-0\"  class=\"panel-grid-cell\" ><div id=\"panel-630-3-0-0\" class=\"so-panel widget widget_black-studio-tinymce widget_black_studio_tinymce panel-first-child panel-last-child\" data-index=\"4\" ><div class=\"title_with_num panel-widget-style panel-widget-style-for-630-3-0-0\" ><div class=\"textwidget\"><h3><span class=\"script\"><span class=\"circle_num bg_turquoise\">1<\/span> Youth Component<\/span><\/h3>\n<p><strong>A series of 6 educational workshops are offered to grade 9 and 10 youth.<\/strong><\/p>\n<p><em>In grade 9, workshops focus on positive intimate relationships, communication, conflict management and romantic break-ups. In grade 10, workshops address the dynamics of violence in romantic and intimate relationships and the role that youth can play as active bystanders in dealing with violence.<\/em><\/p>\n<\/div><\/div><\/div><\/div><div id=\"pgc-630-3-1\"  class=\"panel-grid-cell panel-grid-cell-empty\" ><\/div><div id=\"pgc-630-3-2\"  class=\"panel-grid-cell\" ><div id=\"panel-630-3-2-0\" class=\"so-panel widget widget_black-studio-tinymce widget_black_studio_tinymce panel-first-child panel-last-child\" data-index=\"5\" ><div class=\"title_with_num panel-widget-style panel-widget-style-for-630-3-2-0\" ><div class=\"textwidget\"><h3><span class=\"script\"><span class=\"circle_num bg_purple\">2<\/span> Youth Ambassador Component<\/span><\/h3>\n<p><strong>Committees of young leaders act as ambassadors for the program within the partner schools.<\/strong><\/p>\n<p><em>Committees are asked to organize awareness and prevention activities related to workshops that promote positive and healthy dating relationships within their school. These activities include, for example, creating posters, setting up booths and organizing mini-workshops for youth.<\/em><\/p>\n<\/div><\/div><\/div><\/div><\/div><\/div><div id=\"pg-630-4\"  class=\"panel-grid panel-has-style\" ><div class=\"siteorigin-panels-stretch panel-row-style panel-row-style-for-630-4\" data-stretch-type=\"full\" ><div id=\"pgc-630-4-0\"  class=\"panel-grid-cell\" ><div id=\"panel-630-4-0-0\" class=\"so-panel widget widget_black-studio-tinymce widget_black_studio_tinymce panel-first-child panel-last-child\" data-index=\"6\" ><div class=\"title_with_num panel-widget-style panel-widget-style-for-630-4-0-0\" ><div class=\"textwidget\"><h3><span class=\"script\"><span class=\"circle_num bg_blue\">3<\/span> School Staff Component<\/span><\/h3>\n<p><strong>An online training to raise awareness and provide pedagogical tools to school personnel.<\/strong><\/p>\n<p><em>School staff have access to online training to raise awareness on the issue of dating and intimate partner violence and to support them in their interactions with youth regarding sex education, promotion of healthy relationships and prevention of dating violence.<\/em><\/p>\n<\/div><\/div><\/div><\/div><div id=\"pgc-630-4-1\"  class=\"panel-grid-cell panel-grid-cell-empty\" ><\/div><div id=\"pgc-630-4-2\"  class=\"panel-grid-cell\" ><div id=\"panel-630-4-2-0\" class=\"so-panel widget widget_black-studio-tinymce widget_black_studio_tinymce panel-first-child panel-last-child\" data-index=\"7\" ><div class=\"title_with_num panel-widget-style panel-widget-style-for-630-4-2-0\" ><div class=\"textwidget\"><h3><span class=\"script\"><span class=\"circle_num bg_green\">4<\/span> Caregivers Component<\/span><\/h3>\n<p><strong>A series of informative videos designed to equip parents and significant adults surrounding youth.<\/strong><\/p>\n<p><em>These videos capture much of the workshop content from the perspective of the adults who accompany and support youth. Practitioners and youth offer valuable insights and advice on how to address romantic and intimate relationships and dating violence with teens.<\/em><\/p>\n<\/div><\/div><\/div><\/div><\/div><\/div><div id=\"pg-630-5\"  class=\"panel-grid panel-has-style\" ><div class=\"row_spacing_top panel-row-style panel-row-style-for-630-5\" ><div id=\"pgc-630-5-0\"  class=\"panel-grid-cell panel-grid-cell-empty\" ><\/div><div id=\"pgc-630-5-1\"  class=\"panel-grid-cell panel-grid-cell-mobile-last\" ><div id=\"panel-630-5-1-0\" class=\"so-panel widget widget_black-studio-tinymce widget_black_studio_tinymce panel-first-child panel-last-child\" data-index=\"8\" ><div class=\"textwidget\"><p style=\"text-align: center;\"><strong>In addition to the four components, the SPARX program offers a website that contains a range of information and interactive activities for youth and caregivers.<\/strong><\/p>\n<p style=\"text-align: center;\"><strong>We would like to thank all the people who contributed to the SPARX project. To find out who was involved in each of the components, click here:<\/strong><\/p>\n<\/div><\/div><\/div><div id=\"pgc-630-5-2\"  class=\"panel-grid-cell panel-grid-cell-empty\" ><\/div><\/div><\/div><div id=\"pg-630-6\"  class=\"panel-grid panel-has-style\" ><div class=\"siteorigin-panels-stretch panel-row-style panel-row-style-for-630-6\" data-stretch-type=\"full\" ><div id=\"pgc-630-6-0\"  class=\"panel-grid-cell\" ><div id=\"panel-630-6-0-0\" class=\"widget_text so-panel widget widget_custom_html panel-first-child panel-last-child\" data-index=\"9\" ><div class=\"widget_text big_buttons big_buttons_files panel-widget-style panel-widget-style-for-630-6-0-0\" ><div class=\"textwidget custom-html-widget\"><span class=\"big_square_btn big_square_btn_turquoise\"><a href=\"https:\/\/etincelles.uqam.ca\/wp-content\/uploads\/2023\/02\/Youth-Component.pdf\" target=\"_blank\">Youth Component<\/a><\/span>\n<span class=\"big_square_btn big_square_btn_purple\"><a href=\"https:\/\/etincelles.uqam.ca\/wp-content\/uploads\/2023\/02\/Youth-Ambassador-Component.pdf\" target=\"_blank\">Youth Ambassador Component<\/a><\/span>\n<span class=\"big_square_btn big_square_btn_blue\"><a href=\"https:\/\/etincelles.uqam.ca\/wp-content\/uploads\/2023\/02\/School-Staff-Component.pdf\" target=\"_blank\">School Staff Component<\/a><\/span>\n<span class=\"big_square_btn big_square_btn_green\"><a href=\"https:\/\/etincelles.uqam.ca\/wp-content\/uploads\/2023\/02\/Caregivers-Component.pdf\" target=\"_blank\">Caregivers Component<\/a><\/span>\n<span class=\"big_square_btn big_square_btn_dark\"><a href=\"https:\/\/etincelles.uqam.ca\/wp-content\/uploads\/2023\/02\/website.pdf\" target=\"_blank\">Website<\/a><\/span><\/div><\/div><\/div><\/div><\/div><\/div><div id=\"pg-630-7\"  class=\"panel-grid panel-has-style\" ><div class=\"row_spacing siteorigin-panels-stretch panel-row-style panel-row-style-for-630-7\" data-stretch-type=\"full\" ><div id=\"pgc-630-7-0\"  class=\"panel-grid-cell\" ><div id=\"panel-630-7-0-0\" class=\"widget_text so-panel widget widget_custom_html panel-first-child panel-last-child\" data-index=\"10\" ><div class=\"textwidget custom-html-widget\"><div class=\"anim_items7\" style=\"position:relative;\">\n\t<div class=\"ico_160 ico_face ico_face_yeah_right\"><\/div>\n\t<div class=\"ico_40 ico_circle circle_pale_blue\"><\/div>\n\t<div class=\"ico_100 ico_circle circle_pale_purple\"><\/div>\n\t<div class=\"ico_waves waves_120 waves_90_deg\"><svg xmlns=\"http:\/\/www.w3.org\/2000\/svg\" width=\"120.524\" height=\"18.348\" viewBox=\"0 0 120.524 18.348\"><path id=\"Path_8525\" data-name=\"Path 8525\" d=\"M4646.372,1507.777l13.012-10.078a5.6,5.6,0,0,1,6.859,0l9.581,7.422a5.6,5.6,0,0,0,6.859,0l9.583-7.422a5.6,5.6,0,0,1,6.859,0l9.582,7.422a5.6,5.6,0,0,0,6.859,0l9.582-7.422a5.6,5.6,0,0,1,6.86,0l9.563,7.407a5.6,5.6,0,0,0,6.881-.018l12.83-10.046\" transform=\"translate(-4643.566 -1492.235)\" fill=\"none\" stroke=\"#DDDDFF\" stroke-linecap=\"round\" stroke-linejoin=\"round\" stroke-miterlimit=\"10\" stroke-width=\"4\"><\/path><\/svg><\/div>\n\t<p>&nbsp;<br>&nbsp;<\/p>\n<\/div><\/div><\/div><\/div><div id=\"pgc-630-7-1\"  class=\"panel-grid-cell panel-grid-cell-empty\" ><\/div><div id=\"pgc-630-7-2\"  class=\"panel-grid-cell\" ><div id=\"panel-630-7-2-0\" class=\"so-panel widget widget_black-studio-tinymce widget_black_studio_tinymce panel-first-child panel-last-child\" data-index=\"11\" ><div class=\"textwidget\"><p class=\"font-weight-bold par_start_star\">The SPARX project team would also like to acknowledge the contribution of the  advisory committee members and warmly thank all those who participated in the various consultation activities, including the members of the youth, caregivers and school staff committees.<\/p>\n<\/div><\/div><\/div><\/div><\/div><\/div>","protected":false},"excerpt":{"rendered":"<p>The SPARX Project The SPARX project, initiated in 2019, is a continuation of the Youth Romantic Relationships (YRR) survey and aims to develop best practices to promote positive romantic and intimate relationships and prevent dating violence. The SPARX project is funded by the Public Health Agency of Canada and led by Martine H\u00e9bert, who holds [&hellip;]<\/p>\n","protected":false},"author":6,"featured_media":0,"parent":0,"menu_order":7,"comment_status":"closed","ping_status":"closed","template":"","meta":{"_acf_changed":false,"_monsterinsights_skip_tracking":false,"_monsterinsights_sitenote_active":false,"_monsterinsights_sitenote_note":"","_monsterinsights_sitenote_category":0,"footnotes":""},"class_list":["post-630","page","type-page","status-publish","hentry"],"acf":[],"yoast_head":"<!-- This site is optimized with the Yoast SEO plugin v27.5 - https:\/\/yoast.com\/product\/yoast-seo-wordpress\/ -->\n<title>SPARX : Tools and workshops for positive love relationships among teens<\/title>\n<meta name=\"description\" content=\"SPARX project (UQAM) encourages positive love and intimacy among teens through educational workshops and prevention tips.\" \/>\n<meta name=\"robots\" content=\"index, follow, max-snippet:-1, max-image-preview:large, max-video-preview:-1\" \/>\n<link rel=\"canonical\" href=\"https:\/\/etincelles.uqam.ca\/en\/the-project\/\" \/>\n<meta property=\"og:locale\" content=\"en_US\" \/>\n<meta property=\"og:type\" content=\"article\" \/>\n<meta property=\"og:title\" content=\"SPARX : Tools and workshops for positive love relationships among teens\" \/>\n<meta property=\"og:description\" content=\"SPARX project (UQAM) encourages positive love and intimacy among teens through educational workshops and prevention tips.\" \/>\n<meta property=\"og:url\" content=\"https:\/\/etincelles.uqam.ca\/en\/the-project\/\" \/>\n<meta property=\"og:site_name\" content=\"\u00c9tincelles UQAM\" \/>\n<meta property=\"article:modified_time\" content=\"2024-03-07T20:00:10+00:00\" \/>\n<meta property=\"og:image\" content=\"https:\/\/etincelles.uqam.ca\/wp-content\/uploads\/2023\/01\/page_projet.jpg\" \/>\n<meta name=\"twitter:card\" content=\"summary_large_image\" \/>\n<meta name=\"twitter:label1\" content=\"Est. reading time\" \/>\n\t<meta name=\"twitter:data1\" content=\"4 minutes\" \/>\n<script type=\"application\/ld+json\" class=\"yoast-schema-graph\">{\"@context\":\"https:\\\/\\\/schema.org\",\"@graph\":[{\"@type\":\"WebPage\",\"@id\":\"https:\\\/\\\/etincelles.uqam.ca\\\/en\\\/the-project\\\/\",\"url\":\"https:\\\/\\\/etincelles.uqam.ca\\\/en\\\/the-project\\\/\",\"name\":\"SPARX : Tools and workshops for positive love relationships among teens\",\"isPartOf\":{\"@id\":\"https:\\\/\\\/etincelles.uqam.ca\\\/en\\\/#website\"},\"primaryImageOfPage\":{\"@id\":\"https:\\\/\\\/etincelles.uqam.ca\\\/en\\\/the-project\\\/#primaryimage\"},\"image\":{\"@id\":\"https:\\\/\\\/etincelles.uqam.ca\\\/en\\\/the-project\\\/#primaryimage\"},\"thumbnailUrl\":\"https:\\\/\\\/etincelles.uqam.ca\\\/wp-content\\\/uploads\\\/2023\\\/01\\\/page_projet.jpg\",\"datePublished\":\"2021-05-19T14:41:13+00:00\",\"dateModified\":\"2024-03-07T20:00:10+00:00\",\"description\":\"SPARX project (UQAM) encourages positive love and intimacy among teens through educational workshops and prevention tips.\",\"breadcrumb\":{\"@id\":\"https:\\\/\\\/etincelles.uqam.ca\\\/en\\\/the-project\\\/#breadcrumb\"},\"inLanguage\":\"en-US\",\"potentialAction\":[{\"@type\":\"ReadAction\",\"target\":[\"https:\\\/\\\/etincelles.uqam.ca\\\/en\\\/the-project\\\/\"]}]},{\"@type\":\"ImageObject\",\"inLanguage\":\"en-US\",\"@id\":\"https:\\\/\\\/etincelles.uqam.ca\\\/en\\\/the-project\\\/#primaryimage\",\"url\":\"https:\\\/\\\/etincelles.uqam.ca\\\/wp-content\\\/uploads\\\/2023\\\/01\\\/page_projet.jpg\",\"contentUrl\":\"https:\\\/\\\/etincelles.uqam.ca\\\/wp-content\\\/uploads\\\/2023\\\/01\\\/page_projet.jpg\"},{\"@type\":\"BreadcrumbList\",\"@id\":\"https:\\\/\\\/etincelles.uqam.ca\\\/en\\\/the-project\\\/#breadcrumb\",\"itemListElement\":[{\"@type\":\"ListItem\",\"position\":1,\"name\":\"Home\",\"item\":\"https:\\\/\\\/etincelles.uqam.ca\\\/en\\\/sample-page\\\/\"},{\"@type\":\"ListItem\",\"position\":2,\"name\":\"The project\"}]},{\"@type\":\"WebSite\",\"@id\":\"https:\\\/\\\/etincelles.uqam.ca\\\/en\\\/#website\",\"url\":\"https:\\\/\\\/etincelles.uqam.ca\\\/en\\\/\",\"name\":\"\u00c9tincelles UQAM\",\"description\":\"\",\"potentialAction\":[{\"@type\":\"SearchAction\",\"target\":{\"@type\":\"EntryPoint\",\"urlTemplate\":\"https:\\\/\\\/etincelles.uqam.ca\\\/en\\\/?s={search_term_string}\"},\"query-input\":{\"@type\":\"PropertyValueSpecification\",\"valueRequired\":true,\"valueName\":\"search_term_string\"}}],\"inLanguage\":\"en-US\"}]}<\/script>\n<!-- \/ Yoast SEO plugin. -->","yoast_head_json":{"title":"SPARX : Tools and workshops for positive love relationships among teens","description":"SPARX project (UQAM) encourages positive love and intimacy among teens through educational workshops and prevention tips.","robots":{"index":"index","follow":"follow","max-snippet":"max-snippet:-1","max-image-preview":"max-image-preview:large","max-video-preview":"max-video-preview:-1"},"canonical":"https:\/\/etincelles.uqam.ca\/en\/the-project\/","og_locale":"en_US","og_type":"article","og_title":"SPARX : Tools and workshops for positive love relationships among teens","og_description":"SPARX project (UQAM) encourages positive love and intimacy among teens through educational workshops and prevention tips.","og_url":"https:\/\/etincelles.uqam.ca\/en\/the-project\/","og_site_name":"\u00c9tincelles UQAM","article_modified_time":"2024-03-07T20:00:10+00:00","og_image":[{"url":"https:\/\/etincelles.uqam.ca\/wp-content\/uploads\/2023\/01\/page_projet.jpg","type":"","width":"","height":""}],"twitter_card":"summary_large_image","twitter_misc":{"Est. reading time":"4 minutes"},"schema":{"@context":"https:\/\/schema.org","@graph":[{"@type":"WebPage","@id":"https:\/\/etincelles.uqam.ca\/en\/the-project\/","url":"https:\/\/etincelles.uqam.ca\/en\/the-project\/","name":"SPARX : Tools and workshops for positive love relationships among teens","isPartOf":{"@id":"https:\/\/etincelles.uqam.ca\/en\/#website"},"primaryImageOfPage":{"@id":"https:\/\/etincelles.uqam.ca\/en\/the-project\/#primaryimage"},"image":{"@id":"https:\/\/etincelles.uqam.ca\/en\/the-project\/#primaryimage"},"thumbnailUrl":"https:\/\/etincelles.uqam.ca\/wp-content\/uploads\/2023\/01\/page_projet.jpg","datePublished":"2021-05-19T14:41:13+00:00","dateModified":"2024-03-07T20:00:10+00:00","description":"SPARX project (UQAM) encourages positive love and intimacy among teens through educational workshops and prevention tips.","breadcrumb":{"@id":"https:\/\/etincelles.uqam.ca\/en\/the-project\/#breadcrumb"},"inLanguage":"en-US","potentialAction":[{"@type":"ReadAction","target":["https:\/\/etincelles.uqam.ca\/en\/the-project\/"]}]},{"@type":"ImageObject","inLanguage":"en-US","@id":"https:\/\/etincelles.uqam.ca\/en\/the-project\/#primaryimage","url":"https:\/\/etincelles.uqam.ca\/wp-content\/uploads\/2023\/01\/page_projet.jpg","contentUrl":"https:\/\/etincelles.uqam.ca\/wp-content\/uploads\/2023\/01\/page_projet.jpg"},{"@type":"BreadcrumbList","@id":"https:\/\/etincelles.uqam.ca\/en\/the-project\/#breadcrumb","itemListElement":[{"@type":"ListItem","position":1,"name":"Home","item":"https:\/\/etincelles.uqam.ca\/en\/sample-page\/"},{"@type":"ListItem","position":2,"name":"The project"}]},{"@type":"WebSite","@id":"https:\/\/etincelles.uqam.ca\/en\/#website","url":"https:\/\/etincelles.uqam.ca\/en\/","name":"\u00c9tincelles UQAM","description":"","potentialAction":[{"@type":"SearchAction","target":{"@type":"EntryPoint","urlTemplate":"https:\/\/etincelles.uqam.ca\/en\/?s={search_term_string}"},"query-input":{"@type":"PropertyValueSpecification","valueRequired":true,"valueName":"search_term_string"}}],"inLanguage":"en-US"}]}},"_links":{"self":[{"href":"https:\/\/etincelles.uqam.ca\/en\/wp-json\/wp\/v2\/pages\/630","targetHints":{"allow":["GET"]}}],"collection":[{"href":"https:\/\/etincelles.uqam.ca\/en\/wp-json\/wp\/v2\/pages"}],"about":[{"href":"https:\/\/etincelles.uqam.ca\/en\/wp-json\/wp\/v2\/types\/page"}],"author":[{"embeddable":true,"href":"https:\/\/etincelles.uqam.ca\/en\/wp-json\/wp\/v2\/users\/6"}],"replies":[{"embeddable":true,"href":"https:\/\/etincelles.uqam.ca\/en\/wp-json\/wp\/v2\/comments?post=630"}],"version-history":[{"count":7,"href":"https:\/\/etincelles.uqam.ca\/en\/wp-json\/wp\/v2\/pages\/630\/revisions"}],"predecessor-version":[{"id":1433,"href":"https:\/\/etincelles.uqam.ca\/en\/wp-json\/wp\/v2\/pages\/630\/revisions\/1433"}],"wp:attachment":[{"href":"https:\/\/etincelles.uqam.ca\/en\/wp-json\/wp\/v2\/media?parent=630"}],"curies":[{"name":"wp","href":"https:\/\/api.w.org\/{rel}","templated":true}]}}