{"id":1499,"date":"2025-01-22T13:29:27","date_gmt":"2025-01-22T18:29:27","guid":{"rendered":"https:\/\/etincelles.uqam.ca\/outils-et-formation\/"},"modified":"2025-09-05T11:08:09","modified_gmt":"2025-09-05T15:08:09","slug":"tools-and-training","status":"publish","type":"page","link":"https:\/\/etincelles.uqam.ca\/en\/tools-and-training\/","title":{"rendered":"Tools and training"},"content":{"rendered":"<div id=\"pl-1499\"  class=\"panel-layout\" ><div id=\"pg-1499-0\"  class=\"panel-grid panel-has-style\" ><div class=\"siteorigin-panels-stretch panel-row-style panel-row-style-for-1499-0\" data-stretch-type=\"full\" ><div id=\"pgc-1499-0-0\"  class=\"panel-grid-cell\" ><div id=\"panel-1499-0-0-0\" class=\"widget_text so-panel widget widget_custom_html panel-first-child panel-last-child\" data-index=\"0\" ><div class=\"widget_text pb-3 panel-widget-style panel-widget-style-for-1499-0-0-0\" ><div class=\"textwidget custom-html-widget\"><p><span class=\"script\"><span class=\"circle_num bg_purple\">1<\/span> <a class=\"link_arrow_down\" href=\"#section1\">The creation of the SPARX program and its components<\/a><\/span><\/p>\n<p><span class=\"script\"><span class=\"circle_num bg_turquoise\">2<\/span> <a class=\"link_arrow_down\" href=\"#section2\">Free facilitation training for SPARX workshops: How to register<\/a><\/span><\/p>\n<p><span class=\"script \"><span class=\"circle_num bg_green\">3<\/span> <a class=\"link_arrow_down\" href=\"#section3\">The SPARX program and the education and health guidelines<\/a><\/span><\/p><\/div><\/div><\/div><\/div><\/div><\/div><div id=\"pg-1499-1\"  class=\"panel-grid panel-has-style\" ><div class=\"row_spacing bg_pale_blue desktop_white_circles panel-row-style panel-row-style-for-1499-1\" ><div id=\"pgc-1499-1-0\"  class=\"panel-grid-cell\" ><div id=\"panel-1499-1-0-0\" class=\"widget_text so-panel widget widget_custom_html panel-first-child\" data-index=\"1\" ><div class=\"widget_text pos_rel panel-widget-style panel-widget-style-for-1499-1-0-0\" ><div class=\"textwidget custom-html-widget\"><a id=\"section1\" class=\"page_anchor\"><\/a><\/div><\/div><\/div><div id=\"panel-1499-1-0-1\" class=\"so-panel widget widget_sow-editor panel-last-child\" data-index=\"2\" ><div\n\t\t\t\n\t\t\tclass=\"so-widget-sow-editor so-widget-sow-editor-base\"\n\t\t\t\n\t\t>\n<div class=\"siteorigin-widget-tinymce textwidget\">\n\t<h1><span class=\"big_title\">The creation of the SPARX program and its components<\/span><\/h1>\n<p><strong>Want to lead SPARX workshops or learn more about our tools? This\u00a0way!<\/strong><\/p>\n<p>The SPARX program aims to promote positive love and intimate relationships among youth and prevent violence in their relationships. It was co-constructed by a team of researchers led by Martine H\u00e9bert, as well as key partners such as Tel-jeunes and the Direction r\u00e9gionale de sant\u00e9 publique (DRSP). Martine H\u00e9bert holds the Tier I Canada Research Chair on Interpersonal Trauma and Resilience, and is a full professor in the Department of Sexology at the Universit\u00e9 du Qu\u00e9bec \u00e0 Montr\u00e9al (UQAM). The project includes several components, including two to raise awareness of these issues among school staff and parents\/trusted adults, as well as two components aimed at young people themselves: a youth ambassador committee, by and for teenagers, and sexuality education workshops to promote healthy relationships and prevent violence in relationships. The various components have been evaluated with adults and high school students, and have shown significant contributions. For more information on the evaluation results, visit :<\/p>\n<p><span class=\"btn_blue\"><a href=\"https:\/\/martinehebert.uqam.ca\/en\/projets\/sparx\/\" target=\"_blank\" rel=\"noopener\">Laboratoire de recherche de Martine H\u00e9bert<\/a><\/span><\/p>\n<\/div>\n<\/div><\/div><\/div><div id=\"pgc-1499-1-1\"  class=\"panel-grid-cell panel-grid-cell-empty\" ><\/div><div id=\"pgc-1499-1-2\"  class=\"panel-grid-cell\" ><div id=\"panel-1499-1-2-0\" class=\"so-panel widget widget_siteorigin-panels-builder panel-first-child panel-last-child\" data-index=\"3\" ><div id=\"pl-w67914d82a9292\"  class=\"panel-layout\" ><div id=\"pg-w67914d82a9292-0\"  class=\"panel-grid panel-no-style\" ><div id=\"pgc-w67914d82a9292-0-0\"  class=\"panel-grid-cell\" ><div id=\"panel-w67914d82a9292-0-0-0\" class=\"widget_text so-panel widget widget_custom_html panel-first-child\" data-index=\"0\" ><div class=\"widget_text pos_rel panel-widget-style panel-widget-style-for-w67914d82a9292-0-0-0\" ><div class=\"textwidget custom-html-widget\"><div class=\"anim_items3\">\n\t<div class=\"ico_60 ico_circle circle_white\" ><\/div>\n\t<div class=\"ico_140 ico_circle circle_border_white\" ><\/div>\n\t<div class=\"ico_80 ico_circle circle_border_white\" ><\/div>\n<\/div><\/div><\/div><\/div><div id=\"panel-w67914d82a9292-0-0-1\" class=\"so-panel widget widget_black-studio-tinymce widget_black_studio_tinymce panel-last-child\" data-index=\"1\" ><div class=\"circle_img circle_img_admin mb-3 rounded-zero panel-widget-style panel-widget-style-for-w67914d82a9292-0-0-1\" ><div class=\"textwidget\"><p><img loading=\"lazy\" decoding=\"async\" src=\"https:\/\/etincelles.uqam.ca\/wp-content\/uploads\/2025\/01\/Group-4403.png\" alt=\"ados\" width=\"1038\" height=\"793\" class=\"alignnone size-full wp-image-1519\" \/><\/p>\n<\/div><\/div><\/div><\/div><\/div><\/div><\/div><\/div><\/div><\/div><div id=\"pg-1499-2\"  class=\"panel-grid panel-no-style\" ><div id=\"pgc-1499-2-0\"  class=\"panel-grid-cell\" ><div id=\"panel-1499-2-0-0\" class=\"widget_text so-panel widget widget_custom_html panel-first-child panel-last-child\" data-index=\"4\" ><div class=\"widget_text row_top_waves panel-widget-style panel-widget-style-for-1499-2-0-0\" ><div class=\"textwidget custom-html-widget\"><div class=\"row_waves_img row_waves_img_blue\"><\/div><\/div><\/div><\/div><\/div><\/div><div id=\"pg-1499-3\"  class=\"panel-grid panel-no-style\" ><div id=\"pgc-1499-3-0\"  class=\"panel-grid-cell\" ><div id=\"panel-1499-3-0-0\" class=\"widget_text so-panel widget widget_custom_html panel-first-child panel-last-child\" data-index=\"5\" ><div class=\"textwidget custom-html-widget\"><p>\n\t&nbsp;\n<\/p><\/div><\/div><\/div><\/div><div id=\"pg-1499-4\"  class=\"panel-grid panel-has-style\" ><div class=\"row_spacing row_cells_relative panel-row-style panel-row-style-for-1499-4\" ><div id=\"pgc-1499-4-0\"  class=\"panel-grid-cell\" ><div id=\"panel-1499-4-0-0\" class=\"so-panel widget widget_black-studio-tinymce widget_black_studio_tinymce panel-first-child\" data-index=\"6\" ><div class=\"anim_items3 panel-widget-style panel-widget-style-for-1499-4-0-0\" ><div class=\"textwidget\"><div class=\"ico_160 ico_circle circle_pale_purple\"><\/div>\n<div class=\"ico_100 ico_circle circle_dark_green\"><\/div>\n<div class=\"ico_40 ico_circle circle_dark_purple\"><\/div>\n<\/div><\/div><\/div><div id=\"panel-1499-4-0-1\" class=\"so-panel widget widget_sow-editor panel-last-child\" data-index=\"7\" ><div class=\"circle_img circle_img_admin box_padding panel-widget-style panel-widget-style-for-1499-4-0-1\" ><div\n\t\t\t\n\t\t\tclass=\"so-widget-sow-editor so-widget-sow-editor-base\"\n\t\t\t\n\t\t>\n<div class=\"siteorigin-widget-tinymce textwidget\">\n\t<p><img loading=\"lazy\" decoding=\"async\" class=\"alignnone size-full wp-image-1491\" src=\"https:\/\/etincelles.uqam.ca\/wp-content\/uploads\/2025\/01\/ados.jpg\" alt=\"ados\" width=\"558\" height=\"558\"><\/p>\n<\/div>\n<\/div><\/div><\/div><\/div><div id=\"pgc-1499-4-1\"  class=\"panel-grid-cell panel-grid-cell-empty\" ><\/div><div id=\"pgc-1499-4-2\"  class=\"panel-grid-cell\" ><div id=\"panel-1499-4-2-0\" class=\"widget_text so-panel widget widget_custom_html panel-first-child\" data-index=\"8\" ><div class=\"widget_text pos_rel panel-widget-style panel-widget-style-for-1499-4-2-0\" ><div class=\"textwidget custom-html-widget\"><a id=\"section2\" class=\"page_anchor\"><\/a><\/div><\/div><\/div><div id=\"panel-1499-4-2-1\" class=\"so-panel widget widget_sow-editor panel-last-child\" data-index=\"9\" ><div\n\t\t\t\n\t\t\tclass=\"so-widget-sow-editor so-widget-sow-editor-base\"\n\t\t\t\n\t\t>\n<div class=\"siteorigin-widget-tinymce textwidget\">\n\t<h2><span class=\"big_title\">Free facilitation training for SPARX workshops: How to register<\/span><\/h2>\n<p>The SPARX project is now aiming to increase its dissemination among target populations by training SPARX workshop facilitators, as well as multiplier agents who will, in turn, be able to train future facilitators.<\/p>\n<p>Thanks to financial contribution from the Public Health Agency of Canada, <strong>free training<\/strong> is available until 2027 for professionals wishing to implement the SPARX program with high school students, whether it be in schools, community organizations, youth centers, or other settings. The training provides access to <strong>all the material needed to implement the SPARX program, free of charge<\/strong> and available in both <strong>French and English<\/strong>. Training courses last a day and a half for workshop facilitation, with an optional additional 3-hour module for those who wish to become multiplier agents and gain the skills to train future facilitators.<\/p>\n<p><strong>If you have any questions or would like to register for training, please contact:<\/strong><\/p>\n<p><span class=\"btn_blue\"><a href=\"mailto:etincelles-sparx@uqam.ca\">etincelles-sparx@uqam.ca<\/a><\/span><\/p>\n<\/div>\n<\/div><\/div><\/div><\/div><\/div><div id=\"pg-1499-5\"  class=\"panel-grid panel-has-style\" ><div class=\"siteorigin-panels-stretch panel-row-style panel-row-style-for-1499-5\" data-stretch-type=\"full\" ><div id=\"pgc-1499-5-0\"  class=\"panel-grid-cell\" ><div id=\"panel-1499-5-0-0\" class=\"widget_text so-panel widget widget_custom_html panel-first-child\" data-index=\"10\" ><div class=\"widget_text pos_rel panel-widget-style panel-widget-style-for-1499-5-0-0\" ><div class=\"textwidget custom-html-widget\"><a id=\"section3\" class=\"page_anchor\"><\/a><\/div><\/div><\/div><div id=\"panel-1499-5-0-1\" class=\"so-panel widget widget_sow-editor panel-last-child\" data-index=\"11\" ><div\n\t\t\t\n\t\t\tclass=\"so-widget-sow-editor so-widget-sow-editor-base\"\n\t\t\t\n\t\t>\n<div class=\"siteorigin-widget-tinymce textwidget\">\n\t<p>The workshops meet many of the requirements of the Culture and Citizenship in Quebec (CCQ) program, as well as government health guidelines (\u00c9KIP reference framework, \u00c9PANOUIR reference framework, \u00c9cole en sant\u00e9), as detailed in the following guide:<\/p>\n<p><span class=\"script white_on_turquoise\"><a href=\"https:\/\/etincelles.uqam.ca\/wp-content\/uploads\/2025\/01\/Etincelles_Guide_low_en.pdf\" target=\"_blank\" rel=\"noopener\">The Sparx program and the education and health guidelines<\/a><\/span><\/p>\n<p><strong>Looking for a short training to learn the basics instead?<\/strong><\/p>\n<p><span class=\"btn_blue\"><a href=\"https:\/\/etincelles.uqam.ca\/en\/school-staff\/online-training\/\">Check out our 90-minute asynchronous course.<\/a><\/span><\/p>\n<\/div>\n<\/div><\/div><\/div><div id=\"pgc-1499-5-1\"  class=\"panel-grid-cell panel-grid-cell-empty\" ><\/div><div id=\"pgc-1499-5-2\"  class=\"panel-grid-cell\" ><div id=\"panel-1499-5-2-0\" class=\"widget_text so-panel widget widget_custom_html panel-first-child panel-last-child\" data-index=\"12\" ><div class=\"textwidget custom-html-widget\"><div class=\"anim_items7\" style=\"position:relative;\">\n\t<div class=\"ico_160 ico_face ico_face_yeah_right\"><\/div>\n\t<div class=\"ico_40 ico_circle circle_pale_blue\"><\/div>\n\t<div class=\"ico_100 ico_circle circle_pale_purple\"><\/div>\n\t<div class=\"ico_waves waves_120 waves_90_deg\"><svg xmlns=\"http:\/\/www.w3.org\/2000\/svg\" width=\"120.524\" height=\"18.348\" viewBox=\"0 0 120.524 18.348\"><path id=\"Path_8525\" data-name=\"Path 8525\" d=\"M4646.372,1507.777l13.012-10.078a5.6,5.6,0,0,1,6.859,0l9.581,7.422a5.6,5.6,0,0,0,6.859,0l9.583-7.422a5.6,5.6,0,0,1,6.859,0l9.582,7.422a5.6,5.6,0,0,0,6.859,0l9.582-7.422a5.6,5.6,0,0,1,6.86,0l9.563,7.407a5.6,5.6,0,0,0,6.881-.018l12.83-10.046\" transform=\"translate(-4643.566 -1492.235)\" fill=\"none\" stroke=\"#DDDDFF\" stroke-linecap=\"round\" stroke-linejoin=\"round\" stroke-miterlimit=\"10\" stroke-width=\"4\"><\/path><\/svg><\/div>\n\t<p>&nbsp;<br>&nbsp;<\/p>\n<\/div><\/div><\/div><\/div><\/div><\/div><\/div>","protected":false},"excerpt":{"rendered":"<p>The creation of the SPARX program and its components Want to lead SPARX workshops or learn more about our tools? This\u00a0way! The SPARX program aims to promote positive love and intimate relationships among youth and prevent violence in their relationships. It was co-constructed by a team of researchers led by Martine H\u00e9bert, as well as [&hellip;]<\/p>\n","protected":false},"author":6,"featured_media":0,"parent":0,"menu_order":0,"comment_status":"closed","ping_status":"closed","template":"","meta":{"_acf_changed":false,"_monsterinsights_skip_tracking":false,"_monsterinsights_sitenote_active":false,"_monsterinsights_sitenote_note":"","_monsterinsights_sitenote_category":0,"footnotes":""},"class_list":["post-1499","page","type-page","status-publish","hentry"],"acf":[],"yoast_head":"<!-- This site is optimized with the Yoast SEO plugin v27.4 - https:\/\/yoast.com\/product\/yoast-seo-wordpress\/ -->\n<title>Tools and training - \u00c9tincelles UQAM<\/title>\n<meta name=\"robots\" content=\"index, follow, max-snippet:-1, max-image-preview:large, max-video-preview:-1\" \/>\n<link rel=\"canonical\" href=\"https:\/\/etincelles.uqam.ca\/en\/tools-and-training\/\" \/>\n<meta property=\"og:locale\" content=\"en_US\" \/>\n<meta property=\"og:type\" content=\"article\" \/>\n<meta property=\"og:title\" content=\"Tools and training - \u00c9tincelles UQAM\" \/>\n<meta property=\"og:description\" content=\"The creation of the SPARX program and its components Want to lead SPARX workshops or learn more about our tools? This\u00a0way! The SPARX program aims to promote positive love and intimate relationships among youth and prevent violence in their relationships. It was co-constructed by a team of researchers led by Martine H\u00e9bert, as well as [&hellip;]\" \/>\n<meta property=\"og:url\" content=\"https:\/\/etincelles.uqam.ca\/en\/tools-and-training\/\" \/>\n<meta property=\"og:site_name\" content=\"\u00c9tincelles UQAM\" \/>\n<meta property=\"article:modified_time\" content=\"2025-09-05T15:08:09+00:00\" \/>\n<meta property=\"og:image\" content=\"https:\/\/etincelles.uqam.ca\/wp-content\/uploads\/2025\/01\/Group-4403.png\" \/>\n\t<meta property=\"og:image:width\" content=\"1038\" \/>\n\t<meta property=\"og:image:height\" content=\"793\" \/>\n\t<meta property=\"og:image:type\" content=\"image\/png\" \/>\n<meta name=\"twitter:card\" content=\"summary_large_image\" \/>\n<meta name=\"twitter:label1\" content=\"Est. reading time\" \/>\n\t<meta name=\"twitter:data1\" content=\"3 minutes\" \/>\n<script type=\"application\/ld+json\" class=\"yoast-schema-graph\">{\"@context\":\"https:\\\/\\\/schema.org\",\"@graph\":[{\"@type\":\"WebPage\",\"@id\":\"https:\\\/\\\/etincelles.uqam.ca\\\/en\\\/tools-and-training\\\/\",\"url\":\"https:\\\/\\\/etincelles.uqam.ca\\\/en\\\/tools-and-training\\\/\",\"name\":\"Tools and training - \u00c9tincelles UQAM\",\"isPartOf\":{\"@id\":\"https:\\\/\\\/etincelles.uqam.ca\\\/en\\\/#website\"},\"primaryImageOfPage\":{\"@id\":\"https:\\\/\\\/etincelles.uqam.ca\\\/en\\\/tools-and-training\\\/#primaryimage\"},\"image\":{\"@id\":\"https:\\\/\\\/etincelles.uqam.ca\\\/en\\\/tools-and-training\\\/#primaryimage\"},\"thumbnailUrl\":\"https:\\\/\\\/etincelles.uqam.ca\\\/wp-content\\\/uploads\\\/2025\\\/01\\\/Group-4403.png\",\"datePublished\":\"2025-01-22T18:29:27+00:00\",\"dateModified\":\"2025-09-05T15:08:09+00:00\",\"breadcrumb\":{\"@id\":\"https:\\\/\\\/etincelles.uqam.ca\\\/en\\\/tools-and-training\\\/#breadcrumb\"},\"inLanguage\":\"en-US\",\"potentialAction\":[{\"@type\":\"ReadAction\",\"target\":[\"https:\\\/\\\/etincelles.uqam.ca\\\/en\\\/tools-and-training\\\/\"]}]},{\"@type\":\"ImageObject\",\"inLanguage\":\"en-US\",\"@id\":\"https:\\\/\\\/etincelles.uqam.ca\\\/en\\\/tools-and-training\\\/#primaryimage\",\"url\":\"https:\\\/\\\/etincelles.uqam.ca\\\/wp-content\\\/uploads\\\/2025\\\/01\\\/Group-4403.png\",\"contentUrl\":\"https:\\\/\\\/etincelles.uqam.ca\\\/wp-content\\\/uploads\\\/2025\\\/01\\\/Group-4403.png\"},{\"@type\":\"BreadcrumbList\",\"@id\":\"https:\\\/\\\/etincelles.uqam.ca\\\/en\\\/tools-and-training\\\/#breadcrumb\",\"itemListElement\":[{\"@type\":\"ListItem\",\"position\":1,\"name\":\"Home\",\"item\":\"https:\\\/\\\/etincelles.uqam.ca\\\/en\\\/sample-page\\\/\"},{\"@type\":\"ListItem\",\"position\":2,\"name\":\"Tools and training\"}]},{\"@type\":\"WebSite\",\"@id\":\"https:\\\/\\\/etincelles.uqam.ca\\\/en\\\/#website\",\"url\":\"https:\\\/\\\/etincelles.uqam.ca\\\/en\\\/\",\"name\":\"\u00c9tincelles UQAM\",\"description\":\"\",\"potentialAction\":[{\"@type\":\"SearchAction\",\"target\":{\"@type\":\"EntryPoint\",\"urlTemplate\":\"https:\\\/\\\/etincelles.uqam.ca\\\/en\\\/?s={search_term_string}\"},\"query-input\":{\"@type\":\"PropertyValueSpecification\",\"valueRequired\":true,\"valueName\":\"search_term_string\"}}],\"inLanguage\":\"en-US\"}]}<\/script>\n<!-- \/ Yoast SEO plugin. -->","yoast_head_json":{"title":"Tools and training - \u00c9tincelles UQAM","robots":{"index":"index","follow":"follow","max-snippet":"max-snippet:-1","max-image-preview":"max-image-preview:large","max-video-preview":"max-video-preview:-1"},"canonical":"https:\/\/etincelles.uqam.ca\/en\/tools-and-training\/","og_locale":"en_US","og_type":"article","og_title":"Tools and training - \u00c9tincelles UQAM","og_description":"The creation of the SPARX program and its components Want to lead SPARX workshops or learn more about our tools? This\u00a0way! The SPARX program aims to promote positive love and intimate relationships among youth and prevent violence in their relationships. It was co-constructed by a team of researchers led by Martine H\u00e9bert, as well as [&hellip;]","og_url":"https:\/\/etincelles.uqam.ca\/en\/tools-and-training\/","og_site_name":"\u00c9tincelles UQAM","article_modified_time":"2025-09-05T15:08:09+00:00","og_image":[{"width":1038,"height":793,"url":"https:\/\/etincelles.uqam.ca\/wp-content\/uploads\/2025\/01\/Group-4403.png","type":"image\/png"}],"twitter_card":"summary_large_image","twitter_misc":{"Est. reading time":"3 minutes"},"schema":{"@context":"https:\/\/schema.org","@graph":[{"@type":"WebPage","@id":"https:\/\/etincelles.uqam.ca\/en\/tools-and-training\/","url":"https:\/\/etincelles.uqam.ca\/en\/tools-and-training\/","name":"Tools and training - \u00c9tincelles UQAM","isPartOf":{"@id":"https:\/\/etincelles.uqam.ca\/en\/#website"},"primaryImageOfPage":{"@id":"https:\/\/etincelles.uqam.ca\/en\/tools-and-training\/#primaryimage"},"image":{"@id":"https:\/\/etincelles.uqam.ca\/en\/tools-and-training\/#primaryimage"},"thumbnailUrl":"https:\/\/etincelles.uqam.ca\/wp-content\/uploads\/2025\/01\/Group-4403.png","datePublished":"2025-01-22T18:29:27+00:00","dateModified":"2025-09-05T15:08:09+00:00","breadcrumb":{"@id":"https:\/\/etincelles.uqam.ca\/en\/tools-and-training\/#breadcrumb"},"inLanguage":"en-US","potentialAction":[{"@type":"ReadAction","target":["https:\/\/etincelles.uqam.ca\/en\/tools-and-training\/"]}]},{"@type":"ImageObject","inLanguage":"en-US","@id":"https:\/\/etincelles.uqam.ca\/en\/tools-and-training\/#primaryimage","url":"https:\/\/etincelles.uqam.ca\/wp-content\/uploads\/2025\/01\/Group-4403.png","contentUrl":"https:\/\/etincelles.uqam.ca\/wp-content\/uploads\/2025\/01\/Group-4403.png"},{"@type":"BreadcrumbList","@id":"https:\/\/etincelles.uqam.ca\/en\/tools-and-training\/#breadcrumb","itemListElement":[{"@type":"ListItem","position":1,"name":"Home","item":"https:\/\/etincelles.uqam.ca\/en\/sample-page\/"},{"@type":"ListItem","position":2,"name":"Tools and training"}]},{"@type":"WebSite","@id":"https:\/\/etincelles.uqam.ca\/en\/#website","url":"https:\/\/etincelles.uqam.ca\/en\/","name":"\u00c9tincelles UQAM","description":"","potentialAction":[{"@type":"SearchAction","target":{"@type":"EntryPoint","urlTemplate":"https:\/\/etincelles.uqam.ca\/en\/?s={search_term_string}"},"query-input":{"@type":"PropertyValueSpecification","valueRequired":true,"valueName":"search_term_string"}}],"inLanguage":"en-US"}]}},"_links":{"self":[{"href":"https:\/\/etincelles.uqam.ca\/en\/wp-json\/wp\/v2\/pages\/1499","targetHints":{"allow":["GET"]}}],"collection":[{"href":"https:\/\/etincelles.uqam.ca\/en\/wp-json\/wp\/v2\/pages"}],"about":[{"href":"https:\/\/etincelles.uqam.ca\/en\/wp-json\/wp\/v2\/types\/page"}],"author":[{"embeddable":true,"href":"https:\/\/etincelles.uqam.ca\/en\/wp-json\/wp\/v2\/users\/6"}],"replies":[{"embeddable":true,"href":"https:\/\/etincelles.uqam.ca\/en\/wp-json\/wp\/v2\/comments?post=1499"}],"version-history":[{"count":7,"href":"https:\/\/etincelles.uqam.ca\/en\/wp-json\/wp\/v2\/pages\/1499\/revisions"}],"predecessor-version":[{"id":1598,"href":"https:\/\/etincelles.uqam.ca\/en\/wp-json\/wp\/v2\/pages\/1499\/revisions\/1598"}],"wp:attachment":[{"href":"https:\/\/etincelles.uqam.ca\/en\/wp-json\/wp\/v2\/media?parent=1499"}],"curies":[{"name":"wp","href":"https:\/\/api.w.org\/{rel}","templated":true}]}}